{"id":139,"date":"2018-03-12T15:30:57","date_gmt":"2018-03-12T18:30:57","guid":{"rendered":"https:\/\/mgieada.com.br\/site\/?page_id=139"},"modified":"2019-05-04T17:23:00","modified_gmt":"2019-05-04T20:23:00","slug":"filiais","status":"publish","type":"page","link":"https:\/\/mgieada.com.br\/site\/filiais\/","title":{"rendered":"Filiais"},"content":{"rendered":"<p><a href=\"https:\/\/mgieada.com.br\/site\/sede\/\">1. Sede: Rua Manoel Jo\u00e3o Gon\u00e7alves 778, Alc\u00e2ntara-SG\/RJ<\/a><\/p>\n<p>2. Aldeia da Prata:Rua 04, Lt. 204 \u2013 Qd. 10 Aldeia da Prata \u2013 Itabora\u00ed \u2013 RJ<\/p>\n<p>3. Apolo III:Rua 05, Lt. 545 \u2013 Qd. 25 \u2013 Apolo III \u2013 Itabora\u00ed \u2013 RJ<\/p>\n<p>4. Arsenal:Rua A, Lt. 48 \u2013 Qd. 07 \u2013 Projeto B 101 \u2013 Arsenal \u2013 S\u00e3o Gon\u00e7alo \u2013 RJ<\/p>\n<p>5. Boa Vista do Laranjal: Rua Andr\u00e9 Darcier, Lt 04 Qd 57 &#8211; Boa Vista do Laranjal<\/p>\n<p>6. Coelho:Est. do Coelho, Lt. 09 \u2013 Coelho \u2013 S\u00e3o Gon\u00e7alo \u2013 RJ<\/p>\n<p><a href=\"https:\/\/mgieada.com.br\/site\/assembleia-de-deus-em-jardim-alcantara\/\">7. Jardim Alc\u00e2ntara:Rua Francisco Campos, 274 \u2013 Jd. Alc\u00e2ntara \u2013 S\u00e3o Gon\u00e7alo \u2013 RJ<\/a><\/p>\n<p>8. Jardim Miriambi:Rua J\u00fapiter, Lt. 26 \u2013 Qd. 06 \u2013 Jd. Miriambi \u2013 S\u00e3o Gon\u00e7alo \u2013 RJ<\/p>\n<p>9. J\u00f3quei Clube:Rua Cel. Ramos Barbosa, Lt. 27 \u2013 Qd. 15 \u2013 J. Club \u2013 S\u00e3o Gon\u00e7alo \u2013 RJ<\/p>\n<p>10. Lagoa Seca:Rua Rio Verde, Lt. 26 \u2013 Qd. 22 \u2013 Lagoa Seca \u2013 S\u00e3o Gon\u00e7alo \u2013 RJ<\/p>\n<p>11. Largo do Coelho:Est. do Coelho, 92 \u2013 L. do Coelho \u2013 S\u00e3o Gon\u00e7alo \u2013 RJ<\/p>\n<p>12. Manilha:Rua 06 \u2013 Lt. 238 \u2013 Qd. 13 \u2013 Manilha \u2013 Itabora\u00ed \u2013 RJ<\/p>\n<p>13. Marambaia: Rua 05 \u2013 Lt. 64 \u2013 Qd. E \u2013 Mirante Marambaia \u2013 Itabora\u00ed \u2013 RJ<\/p>\n<p>14. \u00c1guas Marinhas (ex-passarela):Lt. 07 \u2013 Qd. 75 \u2013 Jardim Catarina \u2013 S\u00e3o Gon\u00e7alo<\/p>\n<p>15. Rua 07:Rua Prado Lopes, Lt. 20 \u2013 Qd. 38 \u2013 Jd. Catarina \u2013 S\u00e3o Gon\u00e7alo \u2013 RJ<\/p>\n<p>16. Rua 18:Av. Santa Catarina, Lt. 17 \u2013 Qd. 67 \u2013 Jd. Catarina \u2013 S\u00e3o Gon\u00e7alo \u2013 RJ<\/p>\n<p>17. Rua 30:Rua Paulo VI, 01 \u2013 Qd. 83 \u2013 Jardim Catarina \u2013 S\u00e3o Gon\u00e7alo \u2013 RJ<\/p>\n<p>18. Rua 39:Rua das P\u00e9rolas, Lt. 40 \u2013 Qd. 143 \u2013 Jd. Catarina \u2013 S\u00e3o Gon\u00e7alo \u2013 RJ<\/p>\n<p>19. Rua 47:Av. Padre Vieira, Lt. 05 \u2013 Qd. 229 \u2013 Jd. Catarina \u2013 S\u00e3o Gon\u00e7alo \u2013 RJ<\/p>\n<p>20. Rua Xingu:Rua Xingu, 70 \u2013 Jardim Catarina \u2013 S\u00e3o Gon\u00e7alo \u2013 RJ<\/p>\n<p>21. Travessa Ramos:Rua Maria C\u00e2ndida, 109 \u2013 Mutondo \u2013 S\u00e3o Gon\u00e7alo \u2013 RJ<\/p>\n<p>22. Trindade:Rua Porto Alegre, 207 \u2013 Trindade \u2013 S\u00e3o Gon\u00e7alo \u2013 RJ<\/p>\n<p>23. Vale do Luar:Est. da Boa Vista, 178 \u2013 Vale do Luar \u2013 Itabora\u00ed \u2013 RJ<\/p>\n<p>24. Vila Tr\u00eas:Rua Manoel Ivo, 33 \u2013 Vila Tr\u00eas \u2013 S\u00e3o Gon\u00e7alo \u2013 RJ<\/p>\n<p>25. Vila Esperan\u00e7a: Rua Delfina Gomes, 205 \u2013 Vila Esperan\u00e7a \u2013 S\u00e3o Gon\u00e7alo \u2013 RJ<\/p>\n<p>26. Congrega\u00e7\u00e3o de Pindobal &#8211; Av. Bambui, Ltd 79 Qd. 22 &#8211; Manuel Ribeiro &#8211; Bambui &#8211; Maric\u00e1<\/p>\n<p><iframe loading=\"lazy\" src=\"https:\/\/www.google.com\/maps\/d\/embed?mid=1g69K1cqBnPG1iCkEIreruk6zfGI\" width=\"640\" height=\"480\"><\/iframe><\/p>\n","protected":false},"excerpt":{"rendered":"<p>1. Sede: Rua Manoel Jo\u00e3o Gon\u00e7alves 778, Alc\u00e2ntara-SG\/RJ 2. Aldeia da Prata:Rua 04, Lt. 204 \u2013 Qd. 10 Aldeia da<\/p>\n","protected":false},"author":4,"featured_media":0,"parent":0,"menu_order":0,"comment_status":"closed","ping_status":"closed","template":"","meta":{"footnotes":""},"_links":{"self":[{"href":"https:\/\/mgieada.com.br\/site\/wp-json\/wp\/v2\/pages\/139"}],"collection":[{"href":"https:\/\/mgieada.com.br\/site\/wp-json\/wp\/v2\/pages"}],"about":[{"href":"https:\/\/mgieada.com.br\/site\/wp-json\/wp\/v2\/types\/page"}],"author":[{"embeddable":true,"href":"https:\/\/mgieada.com.br\/site\/wp-json\/wp\/v2\/users\/4"}],"replies":[{"embeddable":true,"href":"https:\/\/mgieada.com.br\/site\/wp-json\/wp\/v2\/comments?post=139"}],"version-history":[{"count":3,"href":"https:\/\/mgieada.com.br\/site\/wp-json\/wp\/v2\/pages\/139\/revisions"}],"predecessor-version":[{"id":1233,"href":"https:\/\/mgieada.com.br\/site\/wp-json\/wp\/v2\/pages\/139\/revisions\/1233"}],"wp:attachment":[{"href":"https:\/\/mgieada.com.br\/site\/wp-json\/wp\/v2\/media?parent=139"}],"curies":[{"name":"wp","href":"https:\/\/api.w.org\/{rel}","templated":true}]}}