{"id":9,"date":"2017-12-11T10:10:34","date_gmt":"2017-12-11T12:10:34","guid":{"rendered":"https:\/\/mgieada.com.br\/site\/?page_id=9"},"modified":"2024-04-04T13:45:38","modified_gmt":"2024-04-04T16:45:38","slug":"contato","status":"publish","type":"page","link":"https:\/\/mgieada.com.br\/site\/contato\/","title":{"rendered":"Contato"},"content":{"rendered":"<p><strong>Endere\u00e7o<\/strong><br \/>\nRua Manuel Jo\u00e3o Gon\u00e7alves 778, Alc\u00e2ntara-SG\/RJ. CEP: 24.711-080.<\/p>\n<p><strong>Contato:<\/strong><br \/>\n<abbr title=\"Telefone\">Tel.:<\/abbr> 21 2601-5326<\/p>\n<p>WhatsApp: 21 98669-0337<\/p>\n<p>E-mail: <a href=\"mailto:contato@mgieada.com.br\">secretaria@mgieada.com.br<\/a><\/p>\n<p><strong>Hor\u00e1rio da Secretaria<\/strong><br \/>\nSegunda\u2014sexta: 08:30\u201316:30<\/p>\n","protected":false},"excerpt":{"rendered":"<p>Endere\u00e7o Rua Manuel Jo\u00e3o Gon\u00e7alves 778, Alc\u00e2ntara-SG\/RJ. CEP: 24.711-080. Contato: Tel.: 21 2601-5326 WhatsApp: 21 98669-0337 E-mail: secretaria@mgieada.com.br Hor\u00e1rio da<\/p>\n","protected":false},"author":4,"featured_media":0,"parent":0,"menu_order":0,"comment_status":"closed","ping_status":"closed","template":"","meta":{"footnotes":""},"_links":{"self":[{"href":"https:\/\/mgieada.com.br\/site\/wp-json\/wp\/v2\/pages\/9"}],"collection":[{"href":"https:\/\/mgieada.com.br\/site\/wp-json\/wp\/v2\/pages"}],"about":[{"href":"https:\/\/mgieada.com.br\/site\/wp-json\/wp\/v2\/types\/page"}],"author":[{"embeddable":true,"href":"https:\/\/mgieada.com.br\/site\/wp-json\/wp\/v2\/users\/4"}],"replies":[{"embeddable":true,"href":"https:\/\/mgieada.com.br\/site\/wp-json\/wp\/v2\/comments?post=9"}],"version-history":[{"count":2,"href":"https:\/\/mgieada.com.br\/site\/wp-json\/wp\/v2\/pages\/9\/revisions"}],"predecessor-version":[{"id":1995,"href":"https:\/\/mgieada.com.br\/site\/wp-json\/wp\/v2\/pages\/9\/revisions\/1995"}],"wp:attachment":[{"href":"https:\/\/mgieada.com.br\/site\/wp-json\/wp\/v2\/media?parent=9"}],"curies":[{"name":"wp","href":"https:\/\/api.w.org\/{rel}","templated":true}]}}